{"id":509,"date":"2024-07-19T14:00:35","date_gmt":"2024-07-19T12:00:35","guid":{"rendered":"https:\/\/rejestracja.gmsynergy.com.pl\/?page_id=509"},"modified":"2024-08-26T09:44:23","modified_gmt":"2024-08-26T07:44:23","slug":"agenda","status":"publish","type":"page","link":"https:\/\/rejestracja.gmsynergy.com.pl\/index.php\/agenda\/","title":{"rendered":"AGENDA"},"content":{"rendered":"\t\t<div data-elementor-type=\"wp-page\" data-elementor-id=\"509\" class=\"elementor elementor-509\">\n\t\t\t\t\t\t\t\t\t<section class=\"elementor-section elementor-top-section elementor-element elementor-element-d1fb964 elementor-section-boxed elementor-section-height-default elementor-section-height-default\" data-id=\"d1fb964\" data-element_type=\"section\">\n\t\t\t\t\t\t<div class=\"elementor-container elementor-column-gap-default\">\n\t\t\t\t\t<div class=\"elementor-column elementor-col-100 elementor-top-column elementor-element elementor-element-25ed046\" data-id=\"25ed046\" data-element_type=\"column\">\n\t\t\t<div class=\"elementor-widget-wrap elementor-element-populated\">\n\t\t\t\t\t\t\t\t<div class=\"elementor-element elementor-element-be4f11e elementor-widget elementor-widget-heading\" data-id=\"be4f11e\" data-element_type=\"widget\" data-widget_type=\"heading.default\">\n\t\t\t\t<div class=\"elementor-widget-container\">\n\t\t\t<style>\/*! elementor - v3.7.3 - 29-08-2022 *\/\n.elementor-heading-title{padding:0;margin:0;line-height:1}.elementor-widget-heading .elementor-heading-title[class*=elementor-size-]>a{color:inherit;font-size:inherit;line-height:inherit}.elementor-widget-heading .elementor-heading-title.elementor-size-small{font-size:15px}.elementor-widget-heading .elementor-heading-title.elementor-size-medium{font-size:19px}.elementor-widget-heading .elementor-heading-title.elementor-size-large{font-size:29px}.elementor-widget-heading .elementor-heading-title.elementor-size-xl{font-size:39px}.elementor-widget-heading .elementor-heading-title.elementor-size-xxl{font-size:59px}<\/style><h2 class=\"elementor-heading-title elementor-size-default\">Agenda wydarzenia<\/h2>\t\t<\/div>\n\t\t\t\t<\/div>\n\t\t\t\t\t<\/div>\n\t\t<\/div>\n\t\t\t\t\t\t\t<\/div>\n\t\t<\/section>\n\t\t\t\t<section class=\"elementor-section elementor-top-section elementor-element elementor-element-41f74e35 elementor-section-boxed elementor-section-height-default elementor-section-height-default\" data-id=\"41f74e35\" data-element_type=\"section\">\n\t\t\t\t\t\t<div class=\"elementor-container elementor-column-gap-default\">\n\t\t\t\t\t<div class=\"elementor-column elementor-col-100 elementor-top-column elementor-element elementor-element-4f10595\" data-id=\"4f10595\" data-element_type=\"column\">\n\t\t\t<div class=\"elementor-widget-wrap elementor-element-populated\">\n\t\t\t\t\t\t\t\t<div class=\"elementor-element elementor-element-73a1e805 elementor-widget elementor-widget-text-editor\" data-id=\"73a1e805\" data-element_type=\"widget\" data-widget_type=\"text-editor.default\">\n\t\t\t\t<div class=\"elementor-widget-container\">\n\t\t\t<style>\/*! elementor - v3.7.3 - 29-08-2022 *\/\n.elementor-widget-text-editor.elementor-drop-cap-view-stacked .elementor-drop-cap{background-color:#818a91;color:#fff}.elementor-widget-text-editor.elementor-drop-cap-view-framed .elementor-drop-cap{color:#818a91;border:3px solid;background-color:transparent}.elementor-widget-text-editor:not(.elementor-drop-cap-view-default) .elementor-drop-cap{margin-top:8px}.elementor-widget-text-editor:not(.elementor-drop-cap-view-default) .elementor-drop-cap-letter{width:1em;height:1em}.elementor-widget-text-editor .elementor-drop-cap{float:left;text-align:center;line-height:1;font-size:50px}.elementor-widget-text-editor .elementor-drop-cap-letter{display:inline-block}<\/style>\t\t\t\t<p><!-- wp:paragraph --><\/p>\n<p><strong>09:30 &#8211; 10:00<\/strong> <br \/>Rejestracja uczestnik\u00f3w<br \/><strong><br \/>10:00 &#8211; 10:10<\/strong><br \/>Oficjalne otwarcie konferencji przez przedstawiciela Departamentu Koordynacji Promocji Urz\u0119du Marsza\u0142kowskiego Wojew\u00f3dztwa Warmi\u0144sko-Mazurskiego<br \/><strong><br \/>10:10 &#8211; 10:35<\/strong> <br \/>Prezentacja pn. \u201eDzia\u0142alno\u015b\u0107 promocyjna w eksporcie \u2013 charakterystyka klienta na rynku niemieckoj\u0119zycznym\u201d <br \/><em>Prowadz\u0105cy:<\/em> \u0141ukasz Barbacki<br \/><strong><br \/>10:35 &#8211; 11:15<\/strong> <br \/><em>Panel dyskusyjny<\/em> pn. \u201eDzia\u0142ania marketingowe na rynkach niemieckoj\u0119zycznych, z uwzgl\u0119dnieniem reklamy, Public Relations, personelu sprzeda\u017cowego, uczestnictwa w targach mi\u0119dzynarodowych; &#8211; jakie dzia\u0142ania s\u0105 najskuteczniejsze w tych krajach i dlaczego?\u201d<br \/><em>Eksperci<\/em> m. in.: Pawe\u0142 Kwiatkowski, Jacek Stelmachowski, Miros\u0142aw Mrozik i \u0141ukasz Dziedzic.<br \/><strong><br \/>11:15 &#8211; 11:35<\/strong> <br \/>Przerwa kawowa<br \/><br \/><strong>11:35 &#8211; 12:15<\/strong> <br \/>Prezentacja pn. \u201ePrzebieg transakcji w handlu zagranicznym \u2013 od okre\u015blenia towaru\/us\u0142ugi po zawarcie umowy\u201d<br \/><em>Prowadz\u0105ca:<\/em> Dorota Jaksa<br \/><br \/><strong>12:15 &#8211; 12:30<\/strong> <br \/>Zako\u0144czenie cz\u0119\u015bci konferencyjnej<br \/><br \/><strong>12:30 &#8211; 13:00<\/strong> <br \/>Brunch<br \/><br \/><strong>13:00-16:00<\/strong> <br \/>Networking<\/p>\n<p><!-- \/wp:paragraph --><\/p>\n<p>\u00a0<\/p>\t\t\t\t\t\t<\/div>\n\t\t\t\t<\/div>\n\t\t\t\t\t<\/div>\n\t\t<\/div>\n\t\t\t\t\t\t\t<\/div>\n\t\t<\/section>\n\t\t\t\t\t\t\t<\/div>\n\t\t","protected":false},"excerpt":{"rendered":"<p>Agenda wydarzenia 09:30 &#8211; 10:00 Rejestracja uczestnik\u00f3w10:00 &#8211; 10:10Oficjalne otwarcie konferencji przez przedstawiciela Departamentu Koordynacji Promocji Urz\u0119du Marsza\u0142kowskiego Wojew\u00f3dztwa Warmi\u0144sko-Mazurskiego10:10 &#8211; 10:35 Prezentacja pn. \u201eDzia\u0142alno\u015b\u0107 promocyjna w eksporcie \u2013 charakterystyka klienta na rynku niemieckoj\u0119zycznym\u201d Prowadz\u0105cy: \u0141ukasz Barbacki10:35 &#8211; 11:15 Panel dyskusyjny pn. \u201eDzia\u0142ania marketingowe na rynkach niemieckoj\u0119zycznych, z uwzgl\u0119dnieniem reklamy, Public Relations, personelu sprzeda\u017cowego, uczestnictwa&hellip; <br \/> <a class=\"read-more\" href=\"https:\/\/rejestracja.gmsynergy.com.pl\/index.php\/agenda\/\">Czytaj dalej<\/a><\/p>\n","protected":false},"author":1,"featured_media":0,"parent":0,"menu_order":0,"comment_status":"closed","ping_status":"closed","template":"","meta":{"footnotes":""},"class_list":["post-509","page","type-page","status-publish","hentry"],"_links":{"self":[{"href":"https:\/\/rejestracja.gmsynergy.com.pl\/index.php\/wp-json\/wp\/v2\/pages\/509","targetHints":{"allow":["GET"]}}],"collection":[{"href":"https:\/\/rejestracja.gmsynergy.com.pl\/index.php\/wp-json\/wp\/v2\/pages"}],"about":[{"href":"https:\/\/rejestracja.gmsynergy.com.pl\/index.php\/wp-json\/wp\/v2\/types\/page"}],"author":[{"embeddable":true,"href":"https:\/\/rejestracja.gmsynergy.com.pl\/index.php\/wp-json\/wp\/v2\/users\/1"}],"replies":[{"embeddable":true,"href":"https:\/\/rejestracja.gmsynergy.com.pl\/index.php\/wp-json\/wp\/v2\/comments?post=509"}],"version-history":[{"count":23,"href":"https:\/\/rejestracja.gmsynergy.com.pl\/index.php\/wp-json\/wp\/v2\/pages\/509\/revisions"}],"predecessor-version":[{"id":540,"href":"https:\/\/rejestracja.gmsynergy.com.pl\/index.php\/wp-json\/wp\/v2\/pages\/509\/revisions\/540"}],"wp:attachment":[{"href":"https:\/\/rejestracja.gmsynergy.com.pl\/index.php\/wp-json\/wp\/v2\/media?parent=509"}],"curies":[{"name":"wp","href":"https:\/\/api.w.org\/{rel}","templated":true}]}}