{"id":29,"date":"2022-08-30T12:36:03","date_gmt":"2022-08-30T10:36:03","guid":{"rendered":"https:\/\/rejestracja.gmsynergy.com.pl\/?page_id=29"},"modified":"2024-06-26T13:05:18","modified_gmt":"2024-06-26T11:05:18","slug":"rejestracja","status":"publish","type":"page","link":"https:\/\/rejestracja.gmsynergy.com.pl\/","title":{"rendered":"Rejestracja"},"content":{"rendered":"\t\t<div data-elementor-type=\"wp-page\" data-elementor-id=\"29\" class=\"elementor elementor-29\">\n\t\t\t\t\t\t\t\t\t<section class=\"elementor-section elementor-top-section elementor-element elementor-element-f3ce877 elementor-section-boxed elementor-section-height-default elementor-section-height-default\" data-id=\"f3ce877\" data-element_type=\"section\">\n\t\t\t\t\t\t<div class=\"elementor-container elementor-column-gap-default\">\n\t\t\t\t\t<div class=\"elementor-column elementor-col-100 elementor-top-column elementor-element elementor-element-18f5261\" data-id=\"18f5261\" data-element_type=\"column\">\n\t\t\t<div class=\"elementor-widget-wrap elementor-element-populated\">\n\t\t\t\t\t\t\t\t<div class=\"elementor-element elementor-element-d10f91f elementor-widget elementor-widget-image\" data-id=\"d10f91f\" data-element_type=\"widget\" data-widget_type=\"image.default\">\n\t\t\t\t<div class=\"elementor-widget-container\">\n\t\t\t<style>\/*! elementor - v3.7.3 - 29-08-2022 *\/\n.elementor-widget-image{text-align:center}.elementor-widget-image a{display:inline-block}.elementor-widget-image a img[src$=\".svg\"]{width:48px}.elementor-widget-image img{vertical-align:middle;display:inline-block}<\/style>\t\t\t\t\t\t\t\t\t\t\t\t<img loading=\"lazy\" decoding=\"async\" width=\"1024\" height=\"576\" src=\"https:\/\/rejestracja.gmsynergy.com.pl\/wp-content\/uploads\/2024\/05\/Ekran_LED_PL-1024x576.png\" class=\"attachment-large size-large\" alt=\"Obraz przedstawia logo Warmia Mazury oraz tekst: Konferencja\" srcset=\"https:\/\/rejestracja.gmsynergy.com.pl\/wp-content\/uploads\/2024\/05\/Ekran_LED_PL-1024x576.png 1024w, https:\/\/rejestracja.gmsynergy.com.pl\/wp-content\/uploads\/2024\/05\/Ekran_LED_PL-300x169.png 300w, https:\/\/rejestracja.gmsynergy.com.pl\/wp-content\/uploads\/2024\/05\/Ekran_LED_PL-768x432.png 768w, https:\/\/rejestracja.gmsynergy.com.pl\/wp-content\/uploads\/2024\/05\/Ekran_LED_PL-1536x864.png 1536w, https:\/\/rejestracja.gmsynergy.com.pl\/wp-content\/uploads\/2024\/05\/Ekran_LED_PL-2048x1152.png 2048w, https:\/\/rejestracja.gmsynergy.com.pl\/wp-content\/uploads\/2024\/05\/Ekran_LED_PL-1920x1080.png 1920w\" sizes=\"auto, (max-width: 1024px) 100vw, 1024px\" \/>\t\t\t\t\t\t\t\t\t\t\t\t\t\t\t<\/div>\n\t\t\t\t<\/div>\n\t\t\t\t<div class=\"elementor-element elementor-element-9478a04 elementor-widget elementor-widget-heading\" data-id=\"9478a04\" data-element_type=\"widget\" data-widget_type=\"heading.default\">\n\t\t\t\t<div class=\"elementor-widget-container\">\n\t\t\t<style>\/*! elementor - v3.7.3 - 29-08-2022 *\/\n.elementor-heading-title{padding:0;margin:0;line-height:1}.elementor-widget-heading .elementor-heading-title[class*=elementor-size-]>a{color:inherit;font-size:inherit;line-height:inherit}.elementor-widget-heading .elementor-heading-title.elementor-size-small{font-size:15px}.elementor-widget-heading .elementor-heading-title.elementor-size-medium{font-size:19px}.elementor-widget-heading .elementor-heading-title.elementor-size-large{font-size:29px}.elementor-widget-heading .elementor-heading-title.elementor-size-xl{font-size:39px}.elementor-widget-heading .elementor-heading-title.elementor-size-xxl{font-size:59px}<\/style><h1 class=\"elementor-heading-title elementor-size-default\">REJESTRACJA<\/h1>\t\t<\/div>\n\t\t\t\t<\/div>\n\t\t\t\t\t<\/div>\n\t\t<\/div>\n\t\t\t\t\t\t\t<\/div>\n\t\t<\/section>\n\t\t\t\t<section class=\"elementor-section elementor-top-section elementor-element elementor-element-5be9491 elementor-section-boxed elementor-section-height-default elementor-section-height-default\" data-id=\"5be9491\" data-element_type=\"section\">\n\t\t\t\t\t\t<div class=\"elementor-container elementor-column-gap-default\">\n\t\t\t\t\t<div class=\"elementor-column elementor-col-100 elementor-top-column elementor-element elementor-element-a6ab55f\" data-id=\"a6ab55f\" data-element_type=\"column\">\n\t\t\t<div class=\"elementor-widget-wrap elementor-element-populated\">\n\t\t\t\t\t\t\t\t<div class=\"elementor-element elementor-element-6fab101 elementor-widget elementor-widget-heading\" data-id=\"6fab101\" data-element_type=\"widget\" data-widget_type=\"heading.default\">\n\t\t\t\t<div class=\"elementor-widget-container\">\n\t\t\t<h2 class=\"elementor-heading-title elementor-size-default\">W celu wzi\u0119cia udzia\u0142u w konferencji nale\u017cy wys\u0142a\u0107 swoje zg\u0142oszenia za pomoc\u0105 poni\u017cszego formularza zg\u0142oszeniowego.<br><br><\/h2>\t\t<\/div>\n\t\t\t\t<\/div>\n\t\t\t\t\t<\/div>\n\t\t<\/div>\n\t\t\t\t\t\t\t<\/div>\n\t\t<\/section>\n\t\t\t\t<section class=\"elementor-section elementor-top-section elementor-element elementor-element-1caf295 elementor-section-boxed elementor-section-height-default elementor-section-height-default\" data-id=\"1caf295\" data-element_type=\"section\">\n\t\t\t\t\t\t<div class=\"elementor-container elementor-column-gap-default\">\n\t\t\t\t\t<div class=\"elementor-column elementor-col-100 elementor-top-column elementor-element elementor-element-a00a0fd\" data-id=\"a00a0fd\" data-element_type=\"column\">\n\t\t\t<div class=\"elementor-widget-wrap elementor-element-populated\">\n\t\t\t\t\t\t\t\t<div class=\"elementor-element elementor-element-fffb803 elementor-widget elementor-widget-formidable\" data-id=\"fffb803\" data-element_type=\"widget\" data-widget_type=\"formidable.default\">\n\t\t\t\t<div class=\"elementor-widget-container\">\n\t\t\t<div class=\"frm_forms  with_frm_style frm_style_formidable-style\" id=\"frm_form_2_container\" data-token=\"9dd98a0f43c7a878fb0c580b128df8c2\">\n<form enctype=\"multipart\/form-data\" method=\"post\" class=\"frm-show-form \" id=\"form_rejestracja\"  data-token=\"9dd98a0f43c7a878fb0c580b128df8c2\">\n<div class=\"frm_form_fields \">\n<fieldset>\n<legend class=\"frm_screen_reader\">rejestracja<\/legend>\r\n\r\n<div class=\"frm_fields_container\">\n<input type=\"hidden\" name=\"frm_action\" value=\"create\" \/>\n<input type=\"hidden\" name=\"form_id\" value=\"2\" \/>\n<input type=\"hidden\" name=\"frm_hide_fields_2\" id=\"frm_hide_fields_2\" value=\"\" \/>\n<input type=\"hidden\" name=\"form_key\" value=\"rejestracja\" \/>\n<input type=\"hidden\" name=\"item_meta[0]\" value=\"\" \/>\n<input type=\"hidden\" id=\"frm_submit_entry_2\" name=\"frm_submit_entry_2\" value=\"8e7bd209e0\" \/><input type=\"hidden\" name=\"_wp_http_referer\" value=\"\/index.php\/wp-json\/wp\/v2\/pages\/29\" \/><div id=\"frm_field_8_container\" class=\"frm_form_field form-field  frm_required_field frm_top_container frm6 frm_first\">\r\n    <label for=\"field_8a70f\" id=\"field_8a70f_label\" class=\"frm_primary_label\">Imi\u0119\r\n        <span class=\"frm_required\" aria-hidden=\"true\">*<\/span>\r\n    <\/label>\r\n    <input type=\"text\" id=\"field_8a70f\" name=\"item_meta[8]\" value=\"\"  data-reqmsg=\"To pole nie mo\u017ce pozosta\u0107 puste.\" aria-required=\"true\" data-invmsg=\"Tekst is invalid\" aria-invalid=\"false\"  \/>\r\n    \r\n    \r\n<\/div>\n<div id=\"frm_field_7_container\" class=\"frm_form_field form-field  frm_required_field frm_top_container frm6\">\r\n    <label for=\"field_1dj97\" id=\"field_1dj97_label\" class=\"frm_primary_label\">Nazwisko\r\n        <span class=\"frm_required\" aria-hidden=\"true\">*<\/span>\r\n    <\/label>\r\n    <input type=\"text\" id=\"field_1dj97\" name=\"item_meta[7]\" value=\"\"  data-reqmsg=\"To pole nie mo\u017ce pozosta\u0107 puste.\" aria-required=\"true\" data-invmsg=\"Tekst is invalid\" aria-invalid=\"false\"  \/>\r\n    \r\n    \r\n<\/div>\n<div id=\"frm_field_14_container\" class=\"frm_form_field form-field  frm_required_field frm_top_container\">\r\n    <label for=\"field_q4g35\" id=\"field_q4g35_label\" class=\"frm_primary_label\">Miejscowo\u015b\u0107\r\n        <span class=\"frm_required\" aria-hidden=\"true\">*<\/span>\r\n    <\/label>\r\n    <input type=\"text\" id=\"field_q4g35\" name=\"item_meta[14]\" value=\"\"  data-reqmsg=\"To pole nie mo\u017ce pozosta\u0107 puste.\" aria-required=\"true\" data-invmsg=\"Tekst is invalid\" aria-invalid=\"false\"  \/>\r\n    \r\n    \r\n<\/div>\n<div id=\"frm_field_11_container\" class=\"frm_form_field form-field  frm_required_field frm_top_container\">\r\n    <label for=\"field_o8lmx\" id=\"field_o8lmx_label\" class=\"frm_primary_label\">Nazwa firmy lub instytucji\r\n        <span class=\"frm_required\" aria-hidden=\"true\">*<\/span>\r\n    <\/label>\r\n    <input type=\"text\" id=\"field_o8lmx\" name=\"item_meta[11]\" value=\"\"  data-reqmsg=\"To pole nie mo\u017ce pozosta\u0107 puste.\" aria-required=\"true\" data-invmsg=\"Tekst is invalid\" aria-invalid=\"false\"  \/>\r\n    \r\n    \r\n<\/div>\n<div id=\"frm_field_9_container\" class=\"frm_form_field form-field  frm_required_field frm_top_container\">\r\n    <label for=\"field_frhgr\" id=\"field_frhgr_label\" class=\"frm_primary_label\">Adres mailowy\r\n        <span class=\"frm_required\" aria-hidden=\"true\">*<\/span>\r\n    <\/label>\r\n    <input type=\"email\" id=\"field_frhgr\" name=\"item_meta[9]\" value=\"\"  data-reqmsg=\"To pole nie mo\u017ce pozosta\u0107 puste.\" aria-required=\"true\" data-invmsg=\"Tekst is invalid\" aria-invalid=\"false\"  \/>\r\n    \r\n    \r\n<\/div>\n<div id=\"frm_field_12_container\" class=\"frm_form_field form-field  frm_required_field frm_top_container\">\r\n    <label for=\"field_qy2wc\" id=\"field_qy2wc_label\" class=\"frm_primary_label\">Numer telefonu\r\n        <span class=\"frm_required\" aria-hidden=\"true\">*<\/span>\r\n    <\/label>\r\n    <input type=\"tel\" id=\"field_qy2wc\" name=\"item_meta[12]\" value=\"\"  data-reqmsg=\"To pole nie mo\u017ce pozosta\u0107 puste.\" aria-required=\"true\" data-invmsg=\"Tekst is invalid\" aria-invalid=\"false\" pattern=\"((\\+\\d{1,3}(-|.| )?\\(?\\d\\)?(-| |.)?\\d{1,5})|(\\(?\\d{2,6}\\)?))(-|.| )?(\\d{3,4})(-|.| )?(\\d{4})(( x| ext)\\d{1,5}){0,1}$\"  \/>\r\n    \r\n    \r\n<\/div>\n<div id=\"frm_field_19_container\" class=\"frm_form_field form-field  frm_required_field frm_top_container\">\r\n    <label for=\"field_86ls0\" id=\"field_86ls0_label\" class=\"frm_primary_label\">Informacja o profilu firmy (max.300 znak\u00f3w)\r\n        <span class=\"frm_required\" aria-hidden=\"true\">*<\/span>\r\n    <\/label>\r\n    <input type=\"text\" id=\"field_86ls0\" name=\"item_meta[19]\" value=\"\"  maxlength=\"300\" data-reqmsg=\"To pole nie mo\u017ce pozosta\u0107 puste.\" aria-required=\"true\" data-invmsg=\"Tekst is invalid\" aria-invalid=\"false\"  \/>\r\n    \r\n    \r\n<\/div>\n<div id=\"frm_field_30_container\" class=\"frm_form_field form-field  frm_required_field frm_top_container\">\n    <label for=\"field_7nnvd\" id=\"field_7nnvd_label\" class=\"frm_primary_label\"> Specjalne potrzeby uczestnika \n        <span class=\"frm_required\" aria-hidden=\"true\">*<\/span>\n    <\/label>\n    <input type=\"text\" id=\"field_7nnvd\" name=\"item_meta[30]\" value=\"\"  data-reqmsg=\"To pole nie mo\u017ce pozosta\u0107 puste.\" aria-required=\"true\" data-invmsg=\"Tekst is invalid\" aria-invalid=\"false\"  \/>\n    \n    \n<\/div>\n<div id=\"frm_field_24_container\" class=\"frm_form_field form-field  frm_required_field frm_top_container vertical_radio\">\r\n    <div  id=\"field_i5iot_label\" class=\"frm_primary_label\">\r\n        <span class=\"frm_required\" aria-hidden=\"true\">*<\/span>\r\n    <\/div>\r\n    <div class=\"frm_opt_container\" aria-labelledby=\"field_i5iot_label\" role=\"group\">\t\t<div class=\"frm_checkbox\" id=\"frm_checkbox_24-0\"><label for=\"field_i5iot-0\"><input type=\"checkbox\" name=\"item_meta[24][]\" id=\"field_i5iot-0\" value=\"Wysy\u0142aj\u0105c zg\u0142oszenie akceptuj\u0119 klauzul\u0119 RODO dla uczestnika projektu w ramach dzia\u0142a\u0144 projektowych. Tre\u015b\u0107 klauzuli do pobrania w za\u0142\u0105czniku poni\u017cej.\"  data-reqmsg=\"To pole nie mo\u017ce pozosta\u0107 puste.\" aria-required=\"true\" data-invmsg=\" is invalid\" aria-invalid=\"false\"   \/> Wysy\u0142aj\u0105c zg\u0142oszenie akceptuj\u0119 klauzul\u0119 RODO dla uczestnika projektu w ramach dzia\u0142a\u0144 projektowych. Tre\u015b\u0107 klauzuli do pobrania w za\u0142\u0105czniku poni\u017cej.<\/label><\/div>\n<\/div>\r\n    \r\n    \r\n<\/div>\n\t<input type=\"hidden\" name=\"item_key\" value=\"\" \/>\n\t\t\t\t<div class=\"frm_verify\" aria-hidden=\"true\">\n\t\t\t\t<label for=\"frm_email_2\">\n\t\t\t\t\tIf you are human, leave this field blank.\t\t\t\t<\/label>\n\t\t\t\t<input type=\"text\" class=\"frm_verify\" id=\"frm_email_2\" name=\"frm_verify\" value=\"\"  \/>\n\t\t\t<\/div>\n\t\t<div class=\"frm_submit\">\r\n\r\n<button class=\"frm_button_submit\" type=\"submit\"  >Wy\u015blij<\/button>\r\n\r\n\r\n<\/div><\/div>\n<\/fieldset>\n<\/div>\n<\/form>\n<\/div>\n\t\t<\/div>\n\t\t\t\t<\/div>\n\t\t\t\t\t<\/div>\n\t\t<\/div>\n\t\t\t\t\t\t\t<\/div>\n\t\t<\/section>\n\t\t\t\t<section class=\"elementor-section elementor-top-section elementor-element elementor-element-c84d30a elementor-section-boxed elementor-section-height-default elementor-section-height-default\" data-id=\"c84d30a\" data-element_type=\"section\">\n\t\t\t\t\t\t<div class=\"elementor-container elementor-column-gap-default\">\n\t\t\t\t\t<div class=\"elementor-column elementor-col-100 elementor-top-column elementor-element elementor-element-0fe7696\" data-id=\"0fe7696\" data-element_type=\"column\">\n\t\t\t<div class=\"elementor-widget-wrap elementor-element-populated\">\n\t\t\t\t\t\t\t\t<div class=\"elementor-element elementor-element-f57eb5e elementor-widget elementor-widget-toggle\" data-id=\"f57eb5e\" data-element_type=\"widget\" data-widget_type=\"toggle.default\">\n\t\t\t\t<div class=\"elementor-widget-container\">\n\t\t\t<style>\/*! elementor - v3.7.3 - 29-08-2022 *\/\n.elementor-toggle{text-align:left}.elementor-toggle .elementor-tab-title{font-weight:700;line-height:1;margin:0;padding:15px;border-bottom:1px solid #d4d4d4;cursor:pointer;outline:none}.elementor-toggle .elementor-tab-title .elementor-toggle-icon{display:inline-block;width:1em}.elementor-toggle .elementor-tab-title .elementor-toggle-icon svg{-webkit-margin-start:-5px;margin-inline-start:-5px;width:1em;height:1em}.elementor-toggle .elementor-tab-title .elementor-toggle-icon.elementor-toggle-icon-right{float:right;text-align:right}.elementor-toggle .elementor-tab-title .elementor-toggle-icon.elementor-toggle-icon-left{float:left;text-align:left}.elementor-toggle .elementor-tab-title .elementor-toggle-icon .elementor-toggle-icon-closed{display:block}.elementor-toggle .elementor-tab-title .elementor-toggle-icon .elementor-toggle-icon-opened{display:none}.elementor-toggle .elementor-tab-title.elementor-active{border-bottom:none}.elementor-toggle .elementor-tab-title.elementor-active .elementor-toggle-icon-closed{display:none}.elementor-toggle .elementor-tab-title.elementor-active .elementor-toggle-icon-opened{display:block}.elementor-toggle .elementor-tab-content{padding:15px;border-bottom:1px solid #d4d4d4;display:none}@media (max-width:767px){.elementor-toggle .elementor-tab-title{padding:12px}.elementor-toggle .elementor-tab-content{padding:12px 10px}}.e-container>.elementor-widget-toggle{width:var(--container-widget-width,100%)}<\/style>\t\t<div class=\"elementor-toggle\" role=\"tablist\">\n\t\t\t\t\t\t\t<div class=\"elementor-toggle-item\">\n\t\t\t\t\t<h3 id=\"elementor-tab-title-2571\" class=\"elementor-tab-title\" data-tab=\"1\" role=\"tab\" aria-controls=\"elementor-tab-content-2571\" aria-expanded=\"false\">\n\t\t\t\t\t\t\t\t\t\t\t\t<span class=\"elementor-toggle-icon elementor-toggle-icon-left\" aria-hidden=\"true\">\n\t\t\t\t\t\t\t\t\t\t\t\t\t\t\t<span class=\"elementor-toggle-icon-closed\"><i class=\"fas fa-caret-right\"><\/i><\/span>\n\t\t\t\t\t\t\t\t<span class=\"elementor-toggle-icon-opened\"><i class=\"elementor-toggle-icon-opened fas fa-caret-up\"><\/i><\/span>\n\t\t\t\t\t\t\t\t\t\t\t\t\t<\/span>\n\t\t\t\t\t\t\t\t\t\t\t\t<a href=\"\" class=\"elementor-toggle-title\">Klauzula RODO dla uczestnika projektu<\/a>\n\t\t\t\t\t<\/h3>\n\n\t\t\t\t\t<div id=\"elementor-tab-content-2571\" class=\"elementor-tab-content elementor-clearfix\" data-tab=\"1\" role=\"tabpanel\" aria-labelledby=\"elementor-tab-title-2571\"><p><a href=\"https:\/\/rejestracja.gmsynergy.com.pl\/wp-content\/uploads\/2024\/06\/Zalacznik-nr-4-RODOklauzula-dla-uczestnika-projektu1.pdf\">Zalacznik-nr-4-RODOklauzula-dla-uczestnika-projektu(1)<\/a><\/p><\/div>\n\t\t\t\t<\/div>\n\t\t\t\t\t\t\t\t<\/div>\n\t\t\t\t<\/div>\n\t\t\t\t<\/div>\n\t\t\t\t\t<\/div>\n\t\t<\/div>\n\t\t\t\t\t\t\t<\/div>\n\t\t<\/section>\n\t\t\t\t\t\t\t<\/div>\n\t\t","protected":false},"excerpt":{"rendered":"<p>REJESTRACJA W celu wzi\u0119cia udzia\u0142u w konferencji nale\u017cy wys\u0142a\u0107 swoje zg\u0142oszenia za pomoc\u0105 poni\u017cszego formularza zg\u0142oszeniowego. rejestracja Imi\u0119 * Nazwisko * Miejscowo\u015b\u0107 * Nazwa firmy lub instytucji * Adres mailowy * Numer telefonu * Informacja o profilu firmy (max.300 znak\u00f3w) * Specjalne potrzeby uczestnika * * Wysy\u0142aj\u0105c zg\u0142oszenie akceptuj\u0119 klauzul\u0119 RODO dla uczestnika projektu w&hellip; <br \/> <a class=\"read-more\" href=\"https:\/\/rejestracja.gmsynergy.com.pl\/\">Czytaj dalej<\/a><\/p>\n","protected":false},"author":1,"featured_media":0,"parent":0,"menu_order":0,"comment_status":"closed","ping_status":"closed","template":"","meta":{"footnotes":""},"class_list":["post-29","page","type-page","status-publish","hentry"],"_links":{"self":[{"href":"https:\/\/rejestracja.gmsynergy.com.pl\/index.php\/wp-json\/wp\/v2\/pages\/29","targetHints":{"allow":["GET"]}}],"collection":[{"href":"https:\/\/rejestracja.gmsynergy.com.pl\/index.php\/wp-json\/wp\/v2\/pages"}],"about":[{"href":"https:\/\/rejestracja.gmsynergy.com.pl\/index.php\/wp-json\/wp\/v2\/types\/page"}],"author":[{"embeddable":true,"href":"https:\/\/rejestracja.gmsynergy.com.pl\/index.php\/wp-json\/wp\/v2\/users\/1"}],"replies":[{"embeddable":true,"href":"https:\/\/rejestracja.gmsynergy.com.pl\/index.php\/wp-json\/wp\/v2\/comments?post=29"}],"version-history":[{"count":157,"href":"https:\/\/rejestracja.gmsynergy.com.pl\/index.php\/wp-json\/wp\/v2\/pages\/29\/revisions"}],"predecessor-version":[{"id":505,"href":"https:\/\/rejestracja.gmsynergy.com.pl\/index.php\/wp-json\/wp\/v2\/pages\/29\/revisions\/505"}],"wp:attachment":[{"href":"https:\/\/rejestracja.gmsynergy.com.pl\/index.php\/wp-json\/wp\/v2\/media?parent=29"}],"curies":[{"name":"wp","href":"https:\/\/api.w.org\/{rel}","templated":true}]}}